{"id":25,"date":"2016-02-12T08:13:22","date_gmt":"2016-02-12T08:13:22","guid":{"rendered":"http:\/\/demos.famethemes.com\/onepress\/?page_id=25"},"modified":"2016-02-12T08:13:22","modified_gmt":"2016-02-12T08:13:22","slug":"service-title-3","status":"publish","type":"page","link":"http:\/\/www.vedana.com\/?page_id=25","title":{"rendered":"ReactJS"},"content":{"rendered":"","protected":false},"excerpt":{"rendered":"<p>ReactJS est une librairie d\u00e9velopp\u00e9e et utilis\u00e9e par Facebook pour le d\u00e9veloppement des interfaces Web. Vedana m\u00e8ne actuellement plusieurs grands projets bas\u00e9s sur cette technologie d&#8217;avenir.<\/p>\n","protected":false},"author":1,"featured_media":0,"parent":0,"menu_order":0,"comment_status":"closed","ping_status":"closed","template":"","meta":{"footnotes":""},"class_list":["post-25","page","type-page","status-publish","hentry"],"_links":{"self":[{"href":"http:\/\/www.vedana.com\/index.php?rest_route=\/wp\/v2\/pages\/25","targetHints":{"allow":["GET"]}}],"collection":[{"href":"http:\/\/www.vedana.com\/index.php?rest_route=\/wp\/v2\/pages"}],"about":[{"href":"http:\/\/www.vedana.com\/index.php?rest_route=\/wp\/v2\/types\/page"}],"author":[{"embeddable":true,"href":"http:\/\/www.vedana.com\/index.php?rest_route=\/wp\/v2\/users\/1"}],"replies":[{"embeddable":true,"href":"http:\/\/www.vedana.com\/index.php?rest_route=%2Fwp%2Fv2%2Fcomments&post=25"}],"version-history":[{"count":0,"href":"http:\/\/www.vedana.com\/index.php?rest_route=\/wp\/v2\/pages\/25\/revisions"}],"wp:attachment":[{"href":"http:\/\/www.vedana.com\/index.php?rest_route=%2Fwp%2Fv2%2Fmedia&parent=25"}],"curies":[{"name":"wp","href":"https:\/\/api.w.org\/{rel}","templated":true}]}}