{"id":23,"date":"2016-02-12T08:12:49","date_gmt":"2016-02-12T08:12:49","guid":{"rendered":"http:\/\/demos.famethemes.com\/onepress\/?page_id=23"},"modified":"2016-02-12T08:12:49","modified_gmt":"2016-02-12T08:12:49","slug":"java-2","status":"publish","type":"page","link":"http:\/\/www.vedana.com\/?page_id=23","title":{"rendered":"Java"},"content":{"rendered":"<p>Sp\u00e9cialiste du langage java depuis sa naissance, Vedana a men\u00e9 a bien de nombreux projets ambitieux autour de ce langage.<\/p>\n","protected":false},"excerpt":{"rendered":"<p>Vedana est sp\u00e9cialiste du langage java depuis sa cr\u00e9ation. Nous avons men\u00e9 de nombreux projets d&#8217;envergure autour de ce langage.<\/p>\n","protected":false},"author":1,"featured_media":0,"parent":0,"menu_order":0,"comment_status":"closed","ping_status":"closed","template":"","meta":{"footnotes":""},"class_list":["post-23","page","type-page","status-publish","hentry"],"_links":{"self":[{"href":"http:\/\/www.vedana.com\/index.php?rest_route=\/wp\/v2\/pages\/23","targetHints":{"allow":["GET"]}}],"collection":[{"href":"http:\/\/www.vedana.com\/index.php?rest_route=\/wp\/v2\/pages"}],"about":[{"href":"http:\/\/www.vedana.com\/index.php?rest_route=\/wp\/v2\/types\/page"}],"author":[{"embeddable":true,"href":"http:\/\/www.vedana.com\/index.php?rest_route=\/wp\/v2\/users\/1"}],"replies":[{"embeddable":true,"href":"http:\/\/www.vedana.com\/index.php?rest_route=%2Fwp%2Fv2%2Fcomments&post=23"}],"version-history":[{"count":0,"href":"http:\/\/www.vedana.com\/index.php?rest_route=\/wp\/v2\/pages\/23\/revisions"}],"wp:attachment":[{"href":"http:\/\/www.vedana.com\/index.php?rest_route=%2Fwp%2Fv2%2Fmedia&parent=23"}],"curies":[{"name":"wp","href":"https:\/\/api.w.org\/{rel}","templated":true}]}}